{"id":10647,"date":"2025-01-04T20:21:09","date_gmt":"2025-01-04T19:21:09","guid":{"rendered":"https:\/\/chozen.hr\/?post_type=product&#038;p=10647"},"modified":"2026-01-30T15:36:18","modified_gmt":"2026-01-30T14:36:18","slug":"chozen-natur-box-24kom-2","status":"publish","type":"product","link":"https:\/\/chozen.hr\/en\/product\/chozen-natur-box-24kom-2\/","title":{"rendered":"Chozen Natur Box 24 pcs"},"content":{"rendered":"<blockquote>\n<p style=\"text-align: left;\">Slika je simboli\u010dna, te izgled proizvoda mo\u017ee varirati.<\/p>\n<\/blockquote>","protected":false},"excerpt":{"rendered":"<p>What we are most recognized for are our stuffed candies.<\/p>\n<p>After years of work and perfecting techniques and recipes, we are proud of every candy that ends up in the box. Each one is &quot;cooked&quot;, decorated and filled with special care so that the experience is complete, from the very opening of the box to tasting.<\/p>\n<p>In this variant, the box is monochrome natural.<\/p>\n<p>Okuse ostavljamo standard kombinacije ora\u0161astog vo\u0107a i vo\u0107a uz pokoje bo\u017ei\u0107no izunena\u0111enje!<\/p>","protected":false},"featured_media":9939,"comment_status":"open","ping_status":"closed","template":"","meta":{"site-sidebar-layout":"default","site-content-layout":"","ast-site-content-layout":"default","site-content-style":"default","site-sidebar-style":"default","ast-global-header-display":"","ast-banner-title-visibility":"","ast-main-header-display":"","ast-hfb-above-header-display":"","ast-hfb-below-header-display":"","ast-hfb-mobile-header-display":"","site-post-title":"","ast-breadcrumbs-content":"","ast-featured-img":"","footer-sml-layout":"","ast-disable-related-posts":"","theme-transparent-header-meta":"default","adv-header-id-meta":"","stick-header-meta":"","header-above-stick-meta":"","header-main-stick-meta":"","header-below-stick-meta":"","astra-migrate-meta-layouts":"set","ast-page-background-enabled":"default","ast-page-background-meta":{"desktop":{"background-color":"","background-image":"","background-repeat":"repeat","background-position":"center center","background-size":"auto","background-attachment":"scroll","background-type":"","background-media":"","overlay-type":"","overlay-color":"","overlay-opacity":"","overlay-gradient":""},"tablet":{"background-color":"","background-image":"","background-repeat":"repeat","background-position":"center center","background-size":"auto","background-attachment":"scroll","background-type":"","background-media":"","overlay-type":"","overlay-color":"","overlay-opacity":"","overlay-gradient":""},"mobile":{"background-color":"","background-image":"","background-repeat":"repeat","background-position":"center center","background-size":"auto","background-attachment":"scroll","background-type":"","background-media":"","overlay-type":"","overlay-color":"","overlay-opacity":"","overlay-gradient":""}},"ast-content-background-meta":{"desktop":{"background-color":"var(--ast-global-color-5)","background-image":"","background-repeat":"repeat","background-position":"center center","background-size":"auto","background-attachment":"scroll","background-type":"","background-media":"","overlay-type":"","overlay-color":"","overlay-opacity":"","overlay-gradient":""},"tablet":{"background-color":"var(--ast-global-color-5)","background-image":"","background-repeat":"repeat","background-position":"center center","background-size":"auto","background-attachment":"scroll","background-type":"","background-media":"","overlay-type":"","overlay-color":"","overlay-opacity":"","overlay-gradient":""},"mobile":{"background-color":"var(--ast-global-color-5)","background-image":"","background-repeat":"repeat","background-position":"center center","background-size":"auto","background-attachment":"scroll","background-type":"","background-media":"","overlay-type":"","overlay-color":"","overlay-opacity":"","overlay-gradient":""}}},"product_brand":[],"product_cat":[25],"product_tag":[],"class_list":{"0":"post-10647","1":"product","2":"type-product","3":"status-publish","4":"has-post-thumbnail","6":"product_cat-bombonijere","7":"desktop-align-center","8":"tablet-align-center","9":"mobile-align-center","11":"first","12":"outofstock","13":"taxable","14":"shipping-taxable","15":"purchasable","16":"product-type-simple"},"aioseo_notices":[],"_links":{"self":[{"href":"https:\/\/chozen.hr\/en\/wp-json\/wp\/v2\/product\/10647","targetHints":{"allow":["GET"]}}],"collection":[{"href":"https:\/\/chozen.hr\/en\/wp-json\/wp\/v2\/product"}],"about":[{"href":"https:\/\/chozen.hr\/en\/wp-json\/wp\/v2\/types\/product"}],"replies":[{"embeddable":true,"href":"https:\/\/chozen.hr\/en\/wp-json\/wp\/v2\/comments?post=10647"}],"version-history":[{"count":3,"href":"https:\/\/chozen.hr\/en\/wp-json\/wp\/v2\/product\/10647\/revisions"}],"predecessor-version":[{"id":10658,"href":"https:\/\/chozen.hr\/en\/wp-json\/wp\/v2\/product\/10647\/revisions\/10658"}],"wp:featuredmedia":[{"embeddable":true,"href":"https:\/\/chozen.hr\/en\/wp-json\/wp\/v2\/media\/9939"}],"wp:attachment":[{"href":"https:\/\/chozen.hr\/en\/wp-json\/wp\/v2\/media?parent=10647"}],"wp:term":[{"taxonomy":"product_brand","embeddable":true,"href":"https:\/\/chozen.hr\/en\/wp-json\/wp\/v2\/product_brand?post=10647"},{"taxonomy":"product_cat","embeddable":true,"href":"https:\/\/chozen.hr\/en\/wp-json\/wp\/v2\/product_cat?post=10647"},{"taxonomy":"product_tag","embeddable":true,"href":"https:\/\/chozen.hr\/en\/wp-json\/wp\/v2\/product_tag?post=10647"}],"curies":[{"name":"wp","href":"https:\/\/api.w.org\/{rel}","templated":true}]}}