{"id":10884,"date":"2026-01-15T17:13:34","date_gmt":"2026-01-15T16:13:34","guid":{"rendered":"https:\/\/chozen.hr\/?post_type=product&#038;p=10884"},"modified":"2026-04-13T12:49:19","modified_gmt":"2026-04-13T10:49:19","slug":"kandirana-naranca","status":"publish","type":"product","link":"https:\/\/chozen.hr\/en\/product\/kandirana-naranca\/","title":{"rendered":"Candied orange"},"content":{"rendered":"<p>(<strong>EN<\/strong>) <strong>KANDIRANA NARAN\u010cA SA \u010cOKOLADOM<\/strong><br \/>\nSastav: Kandirane naran\u010de (77%) (naran\u010de, \u0161e\u0107er, glukozni sirup, regulator<br \/>\nkiselosti: limunska kiselina), tamna \u010dokolada (22%) (kakao masa, \u0161e\u0107er, kakao<br \/>\nmaslac, emulgator: <strong>soybean<\/strong> lecitin, prirodna aroma vanilije), kakao prah.<br \/>\n<strong>Nutritional value per 100g:<\/strong><br \/>\nEnergy: 315 kcal, fat 9g, sugar 55g, fiber 4,5g, protein 2,5g, salt 0.01g<br \/>\n<strong>Net quantity \/ Nett weight: 200g<\/strong><br \/>\nBest before:<strong> Otisnuto na pakiranju<\/strong><br \/>\nStore in a cool, dark place until \/ Store in a cold and dark place up to 22\u00b0C.<br \/>\n<strong>May contain traces of other nuts! May contain all nuts in traces!<\/strong><br \/>\nCHOZEN doo Kopernikova 30, 10010 Zagreb, Croatia<br \/>\n<strong>www.chozen.hr<\/strong><\/p>","protected":false},"excerpt":{"rendered":"<p class=\"p1\">Naran\u010da, sasvim jednostavna, a zapravo tako so\u010dna i kompleksna.<\/p>\n<p>Ovi zalogaji od kandirane naran\u010de i \u010dokolade, odu\u0161eviti \u0107e i najve\u0107e gurmane. Hrskavi sloj \u010dokolade koji kada popuca, otkriva najso\u010dniju kandiranu naran\u010du koju ste probali.<\/p>\n<p>Without added aromas and dyes.<\/p>","protected":false},"featured_media":11210,"comment_status":"open","ping_status":"closed","template":"","meta":{"site-sidebar-layout":"default","site-content-layout":"","ast-site-content-layout":"default","site-content-style":"default","site-sidebar-style":"default","ast-global-header-display":"","ast-banner-title-visibility":"","ast-main-header-display":"","ast-hfb-above-header-display":"","ast-hfb-below-header-display":"","ast-hfb-mobile-header-display":"","site-post-title":"","ast-breadcrumbs-content":"","ast-featured-img":"","footer-sml-layout":"","ast-disable-related-posts":"","theme-transparent-header-meta":"default","adv-header-id-meta":"","stick-header-meta":"","header-above-stick-meta":"","header-main-stick-meta":"","header-below-stick-meta":"","astra-migrate-meta-layouts":"set","ast-page-background-enabled":"default","ast-page-background-meta":{"desktop":{"background-color":"","background-image":"","background-repeat":"repeat","background-position":"center center","background-size":"auto","background-attachment":"scroll","background-type":"","background-media":"","overlay-type":"","overlay-color":"","overlay-opacity":"","overlay-gradient":""},"tablet":{"background-color":"","background-image":"","background-repeat":"repeat","background-position":"center center","background-size":"auto","background-attachment":"scroll","background-type":"","background-media":"","overlay-type":"","overlay-color":"","overlay-opacity":"","overlay-gradient":""},"mobile":{"background-color":"","background-image":"","background-repeat":"repeat","background-position":"center center","background-size":"auto","background-attachment":"scroll","background-type":"","background-media":"","overlay-type":"","overlay-color":"","overlay-opacity":"","overlay-gradient":""}},"ast-content-background-meta":{"desktop":{"background-color":"var(--ast-global-color-5)","background-image":"","background-repeat":"repeat","background-position":"center center","background-size":"auto","background-attachment":"scroll","background-type":"","background-media":"","overlay-type":"","overlay-color":"","overlay-opacity":"","overlay-gradient":""},"tablet":{"background-color":"var(--ast-global-color-5)","background-image":"","background-repeat":"repeat","background-position":"center center","background-size":"auto","background-attachment":"scroll","background-type":"","background-media":"","overlay-type":"","overlay-color":"","overlay-opacity":"","overlay-gradient":""},"mobile":{"background-color":"var(--ast-global-color-5)","background-image":"","background-repeat":"repeat","background-position":"center center","background-size":"auto","background-attachment":"scroll","background-type":"","background-media":"","overlay-type":"","overlay-color":"","overlay-opacity":"","overlay-gradient":""}}},"product_brand":[],"product_cat":[56],"product_tag":[],"class_list":{"0":"post-10884","1":"product","2":"type-product","3":"status-publish","4":"has-post-thumbnail","6":"product_cat-chozen","7":"desktop-align-center","8":"tablet-align-center","9":"mobile-align-center","11":"first","12":"instock","13":"taxable","14":"shipping-taxable","15":"purchasable","16":"product-type-simple"},"aioseo_notices":[],"_links":{"self":[{"href":"https:\/\/chozen.hr\/en\/wp-json\/wp\/v2\/product\/10884","targetHints":{"allow":["GET"]}}],"collection":[{"href":"https:\/\/chozen.hr\/en\/wp-json\/wp\/v2\/product"}],"about":[{"href":"https:\/\/chozen.hr\/en\/wp-json\/wp\/v2\/types\/product"}],"replies":[{"embeddable":true,"href":"https:\/\/chozen.hr\/en\/wp-json\/wp\/v2\/comments?post=10884"}],"version-history":[{"count":1,"href":"https:\/\/chozen.hr\/en\/wp-json\/wp\/v2\/product\/10884\/revisions"}],"predecessor-version":[{"id":10887,"href":"https:\/\/chozen.hr\/en\/wp-json\/wp\/v2\/product\/10884\/revisions\/10887"}],"wp:featuredmedia":[{"embeddable":true,"href":"https:\/\/chozen.hr\/en\/wp-json\/wp\/v2\/media\/11210"}],"wp:attachment":[{"href":"https:\/\/chozen.hr\/en\/wp-json\/wp\/v2\/media?parent=10884"}],"wp:term":[{"taxonomy":"product_brand","embeddable":true,"href":"https:\/\/chozen.hr\/en\/wp-json\/wp\/v2\/product_brand?post=10884"},{"taxonomy":"product_cat","embeddable":true,"href":"https:\/\/chozen.hr\/en\/wp-json\/wp\/v2\/product_cat?post=10884"},{"taxonomy":"product_tag","embeddable":true,"href":"https:\/\/chozen.hr\/en\/wp-json\/wp\/v2\/product_tag?post=10884"}],"curies":[{"name":"wp","href":"https:\/\/api.w.org\/{rel}","templated":true}]}}