{"id":9253,"date":"2024-12-12T23:48:38","date_gmt":"2024-12-12T22:48:38","guid":{"rendered":"https:\/\/chozen.hr\/proizvod\/pekan-orah-namaz\/"},"modified":"2026-04-02T20:46:35","modified_gmt":"2026-04-02T18:46:35","slug":"pekan-orah-namaz","status":"publish","type":"product","link":"https:\/\/chozen.hr\/en\/product\/pekan-orah-namaz\/","title":{"rendered":"Pecan spread"},"content":{"rendered":"<p>HR \/ CHOZEN PECAN SPREAD (50%)<br \/>\nComposition: <strong>pecan<\/strong> (50%), sugar, maltodextin, <strong>dairy<\/strong> fat, full fat <strong>milk<\/strong> in powder, sunflower oil, <strong>soybean<\/strong> lecithin, salt.<br \/>\n<strong>May contain traces of other nuts.<\/strong><br \/>\nStore the product in a dry and dark place, at a temperature of up to 25\u00b0C.<br \/>\nBest to use: date printed on the label.<\/p>\n<p>ENG \/ CHOZEN PECAN SPREAD (50%)<br \/>\nIngredients: <strong>pecan<\/strong> (50%), sugar, maltodextrin, <strong>milk<\/strong> fat, full fat <strong>milk<\/strong> powder, sunflower oil, <strong>soya<\/strong> lecithin, salt.<br \/>\n<strong>May contain traces of other nuts.<\/strong><\/p>\n<p>Store the product in a dry and dark place, at a temperature up to 25\u00b0C.<br \/>\nBest before: indicated on this label.<\/p>\n<p>NUTRITIONAL VALUE (per 100 g): Nutritional value (per 100 g):<br \/>\nEnergy value 2510 kJ \/ Energy value 600 kcal<br \/>\nFats \/ Total Fat 49.1 g of which saturated fats 13.4 g<br \/>\nCarbohydrates 39.6 g of which sugars 20.8 g<br \/>\nFibers 5 g<br \/>\nProtein 6.4 g<br \/>\nSalt 0.2 g<\/p>\n<p>Net weight: 200g<\/p>","protected":false},"excerpt":{"rendered":"<p class=\"p1\"><span class=\"s1\">An absolute favorite for all walnut lovers. <\/span><\/p>\n<p class=\"p1\"><span class=\"s1\">Sweet and salty with a nutty bitterness, it contains 50% pure pecans, has an extremely creamy structure and is moderately sweet. The flavor of pecans prevails, balanced by the taste of milk fat and milk powder, with the addition of salt.<\/span><\/p>\n<p>Prije upotrebe me dobro promije\u0161aj, jer prirodno je da dolazi do raslojavanja masno\u0107e iz ora\u0161astog ploda.<\/p>","protected":false},"featured_media":11191,"comment_status":"open","ping_status":"closed","template":"","meta":{"site-sidebar-layout":"default","site-content-layout":"","ast-site-content-layout":"default","site-content-style":"default","site-sidebar-style":"default","ast-global-header-display":"","ast-banner-title-visibility":"","ast-main-header-display":"","ast-hfb-above-header-display":"","ast-hfb-below-header-display":"","ast-hfb-mobile-header-display":"","site-post-title":"","ast-breadcrumbs-content":"","ast-featured-img":"","footer-sml-layout":"","ast-disable-related-posts":"","theme-transparent-header-meta":"default","adv-header-id-meta":"","stick-header-meta":"","header-above-stick-meta":"","header-main-stick-meta":"","header-below-stick-meta":"","astra-migrate-meta-layouts":"set","ast-page-background-enabled":"default","ast-page-background-meta":{"desktop":{"background-color":"","background-image":"","background-repeat":"repeat","background-position":"center center","background-size":"auto","background-attachment":"scroll","background-type":"","background-media":"","overlay-type":"","overlay-color":"","overlay-opacity":"","overlay-gradient":""},"tablet":{"background-color":"","background-image":"","background-repeat":"repeat","background-position":"center center","background-size":"auto","background-attachment":"scroll","background-type":"","background-media":"","overlay-type":"","overlay-color":"","overlay-opacity":"","overlay-gradient":""},"mobile":{"background-color":"","background-image":"","background-repeat":"repeat","background-position":"center center","background-size":"auto","background-attachment":"scroll","background-type":"","background-media":"","overlay-type":"","overlay-color":"","overlay-opacity":"","overlay-gradient":""}},"ast-content-background-meta":{"desktop":{"background-color":"var(--ast-global-color-5)","background-image":"","background-repeat":"repeat","background-position":"center center","background-size":"auto","background-attachment":"scroll","background-type":"","background-media":"","overlay-type":"","overlay-color":"","overlay-opacity":"","overlay-gradient":""},"tablet":{"background-color":"var(--ast-global-color-5)","background-image":"","background-repeat":"repeat","background-position":"center center","background-size":"auto","background-attachment":"scroll","background-type":"","background-media":"","overlay-type":"","overlay-color":"","overlay-opacity":"","overlay-gradient":""},"mobile":{"background-color":"var(--ast-global-color-5)","background-image":"","background-repeat":"repeat","background-position":"center center","background-size":"auto","background-attachment":"scroll","background-type":"","background-media":"","overlay-type":"","overlay-color":"","overlay-opacity":"","overlay-gradient":""}}},"product_brand":[],"product_cat":[56],"product_tag":[],"class_list":{"0":"post-9253","1":"product","2":"type-product","3":"status-publish","4":"has-post-thumbnail","6":"product_cat-chozen","7":"desktop-align-center","8":"tablet-align-center","9":"mobile-align-center","11":"first","12":"instock","13":"taxable","14":"shipping-taxable","15":"purchasable","16":"product-type-simple"},"aioseo_notices":[],"_links":{"self":[{"href":"https:\/\/chozen.hr\/en\/wp-json\/wp\/v2\/product\/9253","targetHints":{"allow":["GET"]}}],"collection":[{"href":"https:\/\/chozen.hr\/en\/wp-json\/wp\/v2\/product"}],"about":[{"href":"https:\/\/chozen.hr\/en\/wp-json\/wp\/v2\/types\/product"}],"replies":[{"embeddable":true,"href":"https:\/\/chozen.hr\/en\/wp-json\/wp\/v2\/comments?post=9253"}],"version-history":[{"count":2,"href":"https:\/\/chozen.hr\/en\/wp-json\/wp\/v2\/product\/9253\/revisions"}],"predecessor-version":[{"id":10760,"href":"https:\/\/chozen.hr\/en\/wp-json\/wp\/v2\/product\/9253\/revisions\/10760"}],"wp:featuredmedia":[{"embeddable":true,"href":"https:\/\/chozen.hr\/en\/wp-json\/wp\/v2\/media\/11191"}],"wp:attachment":[{"href":"https:\/\/chozen.hr\/en\/wp-json\/wp\/v2\/media?parent=9253"}],"wp:term":[{"taxonomy":"product_brand","embeddable":true,"href":"https:\/\/chozen.hr\/en\/wp-json\/wp\/v2\/product_brand?post=9253"},{"taxonomy":"product_cat","embeddable":true,"href":"https:\/\/chozen.hr\/en\/wp-json\/wp\/v2\/product_cat?post=9253"},{"taxonomy":"product_tag","embeddable":true,"href":"https:\/\/chozen.hr\/en\/wp-json\/wp\/v2\/product_tag?post=9253"}],"curies":[{"name":"wp","href":"https:\/\/api.w.org\/{rel}","templated":true}]}}