{"id":9254,"date":"2024-12-12T23:49:39","date_gmt":"2024-12-12T22:49:39","guid":{"rendered":"https:\/\/chozen.hr\/proizvod\/namaz-od-pistacija\/"},"modified":"2026-03-29T21:48:25","modified_gmt":"2026-03-29T19:48:25","slug":"namaz-od-pistacija","status":"publish","type":"product","link":"https:\/\/chozen.hr\/en\/product\/namaz-od-pistacija\/","title":{"rendered":"Pistachio spread"},"content":{"rendered":"<p>HR \/ CHOZEN PISTACHIO SPREAD (50%)<br \/>\nComposition: <strong>pistachio<\/strong> (50%), sugar, <strong>dairy<\/strong> fat, full fat <strong>milk<\/strong> in powder,<br \/>\nsunflower oil, <strong>soybean<\/strong> lecithin, salt.<br \/>\n<strong>May contain traces of other nuts.<\/strong><br \/>\nStore the product in a dry and dark place, at a temperature of up to 25\u00b0C.<br \/>\nBest to use: date printed on the label.<\/p>\n<p>ENG \/ CHOZEN PISTACHIO SPREAD (50%)<br \/>\nIngredients: <strong>pistachios<\/strong> (50%), sugar, <strong>milk<\/strong> fat, full fat <strong>milk<\/strong> powder,<br \/>\nsunflower oil, <strong>soya<\/strong> lecithin, salt.<br \/>\n<strong>May contain traces of other nuts.<\/strong><\/p>\n<p>Store the product in a dry and dark place, at a temperature up to 25\u00b0C.<br \/>\nBest before: indicated on this label.<\/p>\n<p>NUTRITIONAL VALUE (per 100 g): Nutritional value (per 100 g):<br \/>\nEnergy value 2527 kJ \/ Energy value 604 kcal<br \/>\nFats \/ Total Fat 46.7 g of which saturated fats 13.7 g<br \/>\nCarbohydrates 44.6 g of which sugars 34.6 g<br \/>\nFibers 5 g<br \/>\nProtein 11.8 g<br \/>\nSalt 0.2 g<\/p>\n<p>Net weight: 200g<\/p>","protected":false},"excerpt":{"rendered":"<p class=\"p1\"><span class=\"s1\">From the very first contact with your palate, you will be enchanted and won over by the taste of pistachio. <\/span><\/p>\n<p class=\"p1\"><span class=\"s1\">Our spread contains 50% pistachios, has an extremely creamy texture and moderate sweetness. The flavor of fried pistachio is predominant, which is perfectly balanced by the milk component, of course with the addition of salt.<\/span><\/p>\n<p>Prije upotrebe me dobro promije\u0161aj, jer prirodno je da dolazi do raslojavanja masno\u0107e iz ora\u0161astog ploda.<\/p>","protected":false},"featured_media":11192,"comment_status":"open","ping_status":"closed","template":"","meta":{"site-sidebar-layout":"default","site-content-layout":"","ast-site-content-layout":"default","site-content-style":"default","site-sidebar-style":"default","ast-global-header-display":"","ast-banner-title-visibility":"","ast-main-header-display":"","ast-hfb-above-header-display":"","ast-hfb-below-header-display":"","ast-hfb-mobile-header-display":"","site-post-title":"","ast-breadcrumbs-content":"","ast-featured-img":"","footer-sml-layout":"","ast-disable-related-posts":"","theme-transparent-header-meta":"default","adv-header-id-meta":"","stick-header-meta":"","header-above-stick-meta":"","header-main-stick-meta":"","header-below-stick-meta":"","astra-migrate-meta-layouts":"set","ast-page-background-enabled":"default","ast-page-background-meta":{"desktop":{"background-color":"","background-image":"","background-repeat":"repeat","background-position":"center center","background-size":"auto","background-attachment":"scroll","background-type":"","background-media":"","overlay-type":"","overlay-color":"","overlay-opacity":"","overlay-gradient":""},"tablet":{"background-color":"","background-image":"","background-repeat":"repeat","background-position":"center center","background-size":"auto","background-attachment":"scroll","background-type":"","background-media":"","overlay-type":"","overlay-color":"","overlay-opacity":"","overlay-gradient":""},"mobile":{"background-color":"","background-image":"","background-repeat":"repeat","background-position":"center center","background-size":"auto","background-attachment":"scroll","background-type":"","background-media":"","overlay-type":"","overlay-color":"","overlay-opacity":"","overlay-gradient":""}},"ast-content-background-meta":{"desktop":{"background-color":"var(--ast-global-color-5)","background-image":"","background-repeat":"repeat","background-position":"center center","background-size":"auto","background-attachment":"scroll","background-type":"","background-media":"","overlay-type":"","overlay-color":"","overlay-opacity":"","overlay-gradient":""},"tablet":{"background-color":"var(--ast-global-color-5)","background-image":"","background-repeat":"repeat","background-position":"center center","background-size":"auto","background-attachment":"scroll","background-type":"","background-media":"","overlay-type":"","overlay-color":"","overlay-opacity":"","overlay-gradient":""},"mobile":{"background-color":"var(--ast-global-color-5)","background-image":"","background-repeat":"repeat","background-position":"center center","background-size":"auto","background-attachment":"scroll","background-type":"","background-media":"","overlay-type":"","overlay-color":"","overlay-opacity":"","overlay-gradient":""}}},"product_brand":[],"product_cat":[56],"product_tag":[],"class_list":{"0":"post-9254","1":"product","2":"type-product","3":"status-publish","4":"has-post-thumbnail","6":"product_cat-chozen","7":"desktop-align-center","8":"tablet-align-center","9":"mobile-align-center","11":"first","12":"outofstock","13":"taxable","14":"shipping-taxable","15":"purchasable","16":"product-type-simple"},"aioseo_notices":[],"_links":{"self":[{"href":"https:\/\/chozen.hr\/en\/wp-json\/wp\/v2\/product\/9254","targetHints":{"allow":["GET"]}}],"collection":[{"href":"https:\/\/chozen.hr\/en\/wp-json\/wp\/v2\/product"}],"about":[{"href":"https:\/\/chozen.hr\/en\/wp-json\/wp\/v2\/types\/product"}],"replies":[{"embeddable":true,"href":"https:\/\/chozen.hr\/en\/wp-json\/wp\/v2\/comments?post=9254"}],"version-history":[{"count":2,"href":"https:\/\/chozen.hr\/en\/wp-json\/wp\/v2\/product\/9254\/revisions"}],"predecessor-version":[{"id":10759,"href":"https:\/\/chozen.hr\/en\/wp-json\/wp\/v2\/product\/9254\/revisions\/10759"}],"wp:featuredmedia":[{"embeddable":true,"href":"https:\/\/chozen.hr\/en\/wp-json\/wp\/v2\/media\/11192"}],"wp:attachment":[{"href":"https:\/\/chozen.hr\/en\/wp-json\/wp\/v2\/media?parent=9254"}],"wp:term":[{"taxonomy":"product_brand","embeddable":true,"href":"https:\/\/chozen.hr\/en\/wp-json\/wp\/v2\/product_brand?post=9254"},{"taxonomy":"product_cat","embeddable":true,"href":"https:\/\/chozen.hr\/en\/wp-json\/wp\/v2\/product_cat?post=9254"},{"taxonomy":"product_tag","embeddable":true,"href":"https:\/\/chozen.hr\/en\/wp-json\/wp\/v2\/product_tag?post=9254"}],"curies":[{"name":"wp","href":"https:\/\/api.w.org\/{rel}","templated":true}]}}