{"id":9262,"date":"2024-12-12T23:51:41","date_gmt":"2024-12-12T22:51:41","guid":{"rendered":"https:\/\/chozen.hr\/proizvod\/chozen-natur-box-24kom\/"},"modified":"2026-03-29T23:08:31","modified_gmt":"2026-03-29T21:08:31","slug":"chozen-natur-box-24kom","status":"publish","type":"product","link":"https:\/\/chozen.hr\/en\/product\/chozen-natur-box-24kom\/","title":{"rendered":"Chozen Natur Box 24 pcs"},"content":{"rendered":"<p style=\"text-align: left;\">NATUR BOX 24 KOMADA<br \/>\nIngredients: sugar, chocolate (cocoa mass, full fat <strong>milk<\/strong> in powder, cocoa butter, <strong>dairy<\/strong> mast),<br \/>\nvo\u0107ni pire (vi\u0161nja, \u0111umbir, yuzu, malina), ora\u0161asto vo\u0107e (<strong>mak, badem, lje\u0161njak, pekan, kikiriki<\/strong>), kakao<br \/>\nzrno, slatko <strong>cream<\/strong>, mlijeko, glukozni sirup, trimoline, dekstroza, pektin, limunska kiselina, prirodna<br \/>\naroma vanilija, emulgator: <strong>soybean<\/strong> lecitin, sol, pasta vanilije, tonka, <strong>gelatin<\/strong>, prirodne boje<br \/>\n<strong>May contain traces of other nuts.<\/strong><br \/>\nProizvod \u010duvati na suhom i tamnom mjestu do 22\u00b0C.<\/p>\n<p><strong>NAJBOLJE UPOTRIJEBITI DO : VIDJETI NA PAKIRANJU<\/strong><\/p>\n<p><strong>312g (24x13g)<\/strong><\/p>\n<p>NUTRITIVNA VRIJEDNOST (NA 100 G):<br \/>\nNUTRITIONAL VALUE (PER 100 G):<br \/>\nEnergijska vrijednost 2360 kJ \/<br \/>\nEnergy value 564 kcal<br \/>\nMasti \/ Total Fat 35 g<br \/>\nod toga zasi\u0107ene masti\/<br \/>\nsaturated fats 19,5 g<br \/>\nUgljikohidrati \/ Carbohydrate 42,5 g<br \/>\nod toga \u0161e\u0107eri<br \/>\nsugars 40 g<br \/>\nVlakna \/ Fibres 5,6 g<br \/>\nBjelan\u010devine \/ Protein 7 g<br \/>\nSol \/ Salt 0,1 g<\/p>","protected":false},"excerpt":{"rendered":"<p>What we are most recognized for are our stuffed candies.<\/p>\n<p>After years of work and perfecting techniques and recipes, we are proud of every candy that ends up in the box. Each one is &quot;cooked&quot;, decorated and filled with special care so that the experience is complete, from the very opening of the box to tasting.<\/p>\n<p>In this variant, the box is monochrome natural.<\/p>\n<p>This time in the box you will find flavors:<\/p>\n<p>Crunchy peanuts<\/p>\n<p>Salted caramel hazelnut<\/p>\n<p>Ginger yuzu<\/p>\n<p>Malina i mak<\/p>\n<p>Pecan nut<\/p>\n<p>Tonka almond cherry<\/p>","protected":false},"featured_media":11224,"comment_status":"open","ping_status":"closed","template":"","meta":{"site-sidebar-layout":"default","site-content-layout":"","ast-site-content-layout":"default","site-content-style":"default","site-sidebar-style":"default","ast-global-header-display":"","ast-banner-title-visibility":"","ast-main-header-display":"","ast-hfb-above-header-display":"","ast-hfb-below-header-display":"","ast-hfb-mobile-header-display":"","site-post-title":"","ast-breadcrumbs-content":"","ast-featured-img":"","footer-sml-layout":"","ast-disable-related-posts":"","theme-transparent-header-meta":"default","adv-header-id-meta":"","stick-header-meta":"","header-above-stick-meta":"","header-main-stick-meta":"","header-below-stick-meta":"","astra-migrate-meta-layouts":"set","ast-page-background-enabled":"default","ast-page-background-meta":{"desktop":{"background-color":"","background-image":"","background-repeat":"repeat","background-position":"center center","background-size":"auto","background-attachment":"scroll","background-type":"","background-media":"","overlay-type":"","overlay-color":"","overlay-opacity":"","overlay-gradient":""},"tablet":{"background-color":"","background-image":"","background-repeat":"repeat","background-position":"center center","background-size":"auto","background-attachment":"scroll","background-type":"","background-media":"","overlay-type":"","overlay-color":"","overlay-opacity":"","overlay-gradient":""},"mobile":{"background-color":"","background-image":"","background-repeat":"repeat","background-position":"center center","background-size":"auto","background-attachment":"scroll","background-type":"","background-media":"","overlay-type":"","overlay-color":"","overlay-opacity":"","overlay-gradient":""}},"ast-content-background-meta":{"desktop":{"background-color":"var(--ast-global-color-5)","background-image":"","background-repeat":"repeat","background-position":"center center","background-size":"auto","background-attachment":"scroll","background-type":"","background-media":"","overlay-type":"","overlay-color":"","overlay-opacity":"","overlay-gradient":""},"tablet":{"background-color":"var(--ast-global-color-5)","background-image":"","background-repeat":"repeat","background-position":"center center","background-size":"auto","background-attachment":"scroll","background-type":"","background-media":"","overlay-type":"","overlay-color":"","overlay-opacity":"","overlay-gradient":""},"mobile":{"background-color":"var(--ast-global-color-5)","background-image":"","background-repeat":"repeat","background-position":"center center","background-size":"auto","background-attachment":"scroll","background-type":"","background-media":"","overlay-type":"","overlay-color":"","overlay-opacity":"","overlay-gradient":""}}},"product_brand":[],"product_cat":[56],"product_tag":[],"class_list":{"0":"post-9262","1":"product","2":"type-product","3":"status-publish","4":"has-post-thumbnail","6":"product_cat-chozen","7":"desktop-align-center","8":"tablet-align-center","9":"mobile-align-center","11":"first","12":"instock","13":"taxable","14":"shipping-taxable","15":"purchasable","16":"product-type-simple"},"aioseo_notices":[],"_links":{"self":[{"href":"https:\/\/chozen.hr\/en\/wp-json\/wp\/v2\/product\/9262","targetHints":{"allow":["GET"]}}],"collection":[{"href":"https:\/\/chozen.hr\/en\/wp-json\/wp\/v2\/product"}],"about":[{"href":"https:\/\/chozen.hr\/en\/wp-json\/wp\/v2\/types\/product"}],"replies":[{"embeddable":true,"href":"https:\/\/chozen.hr\/en\/wp-json\/wp\/v2\/comments?post=9262"}],"version-history":[{"count":7,"href":"https:\/\/chozen.hr\/en\/wp-json\/wp\/v2\/product\/9262\/revisions"}],"predecessor-version":[{"id":11231,"href":"https:\/\/chozen.hr\/en\/wp-json\/wp\/v2\/product\/9262\/revisions\/11231"}],"wp:featuredmedia":[{"embeddable":true,"href":"https:\/\/chozen.hr\/en\/wp-json\/wp\/v2\/media\/11224"}],"wp:attachment":[{"href":"https:\/\/chozen.hr\/en\/wp-json\/wp\/v2\/media?parent=9262"}],"wp:term":[{"taxonomy":"product_brand","embeddable":true,"href":"https:\/\/chozen.hr\/en\/wp-json\/wp\/v2\/product_brand?post=9262"},{"taxonomy":"product_cat","embeddable":true,"href":"https:\/\/chozen.hr\/en\/wp-json\/wp\/v2\/product_cat?post=9262"},{"taxonomy":"product_tag","embeddable":true,"href":"https:\/\/chozen.hr\/en\/wp-json\/wp\/v2\/product_tag?post=9262"}],"curies":[{"name":"wp","href":"https:\/\/api.w.org\/{rel}","templated":true}]}}