{"id":9969,"date":"2024-12-12T23:46:58","date_gmt":"2024-12-12T22:46:58","guid":{"rendered":"https:\/\/chozen.hr\/?post_type=product&#038;p=9969"},"modified":"2026-03-29T21:49:55","modified_gmt":"2026-03-29T19:49:55","slug":"namaz-ljesnjak-kakao","status":"publish","type":"product","link":"https:\/\/chozen.hr\/en\/product\/namaz-ljesnjak-kakao\/","title":{"rendered":"Cocoa hazelnut spread"},"content":{"rendered":"<p>HR \/ CHOZEN HAZELNUT AND COCOA SPREAD (45%)<br \/>\nComposition: <strong>hazel<\/strong> (45%), sugar, full fat <strong>milk<\/strong> in powder, cocoa powder, <strong>soybean<\/strong> lecithin.<br \/>\n<strong>May contain traces of other nuts.<\/strong><br \/>\nStore the product in a dry and dark place, at a temperature of up to 25\u00b0C.<br \/>\nBest to use: date printed on the label.<\/p>\n<p>ENG \/ CHOZEN HAZELNUT AND COCOA SPREAD (45%)<br \/>\nIngredients: <strong>hazelnut<\/strong> (45%), sugar, full fat <strong>milk<\/strong> powder, cocoa powder, <strong>soya<\/strong> lecithin.<br \/>\n<strong>May contain traces of other nuts.<\/strong><\/p>\n<p>Store the product in a dry and dark place, at a temperature up to 25\u00b0C.<br \/>\nBest before: indicated on this label.<\/p>\n<p>NUTRITIONAL VALUE (per 100 g): Nutritional value (per 100 g):<br \/>\nEnergy value 2130 kJ \/ Energy value 509 kcal<br \/>\nFats \/ Total Fat 31.1 g of which saturated fats 2.6 g<br \/>\nCarbohydrates 54.2 g of which sugars 45.9 g<br \/>\nFibers 6.2 g<br \/>\nProtein 10.1 g<br \/>\nSalt 0.0 g<\/p>\n<p>Net weight: 200g<\/p>","protected":false},"excerpt":{"rendered":"<p class=\"p1\"><span class=\"s1\">From the very first contact with your palate, you will be charmed and won over by the taste of hazelnuts and cocoa. <\/span><\/p>\n<p class=\"p1\"><span class=\"s1\">It has an extremely creamy texture and moderate sweetness with pieces of hazelnut. The taste of roasted hazelnut and cocoa dominates.<\/span><\/p>\n<p>Prije upotrebe me dobro promije\u0161aj, jer prirodno je da dolazi do raslojavanja masno\u0107e iz ora\u0161astog ploda.<\/p>","protected":false},"featured_media":11189,"comment_status":"open","ping_status":"closed","template":"","meta":{"site-sidebar-layout":"default","site-content-layout":"","ast-site-content-layout":"default","site-content-style":"default","site-sidebar-style":"default","ast-global-header-display":"","ast-banner-title-visibility":"","ast-main-header-display":"","ast-hfb-above-header-display":"","ast-hfb-below-header-display":"","ast-hfb-mobile-header-display":"","site-post-title":"","ast-breadcrumbs-content":"","ast-featured-img":"","footer-sml-layout":"","ast-disable-related-posts":"","theme-transparent-header-meta":"default","adv-header-id-meta":"","stick-header-meta":"","header-above-stick-meta":"","header-main-stick-meta":"","header-below-stick-meta":"","astra-migrate-meta-layouts":"set","ast-page-background-enabled":"default","ast-page-background-meta":{"desktop":{"background-color":"","background-image":"","background-repeat":"repeat","background-position":"center center","background-size":"auto","background-attachment":"scroll","background-type":"","background-media":"","overlay-type":"","overlay-color":"","overlay-opacity":"","overlay-gradient":""},"tablet":{"background-color":"","background-image":"","background-repeat":"repeat","background-position":"center center","background-size":"auto","background-attachment":"scroll","background-type":"","background-media":"","overlay-type":"","overlay-color":"","overlay-opacity":"","overlay-gradient":""},"mobile":{"background-color":"","background-image":"","background-repeat":"repeat","background-position":"center center","background-size":"auto","background-attachment":"scroll","background-type":"","background-media":"","overlay-type":"","overlay-color":"","overlay-opacity":"","overlay-gradient":""}},"ast-content-background-meta":{"desktop":{"background-color":"var(--ast-global-color-5)","background-image":"","background-repeat":"repeat","background-position":"center center","background-size":"auto","background-attachment":"scroll","background-type":"","background-media":"","overlay-type":"","overlay-color":"","overlay-opacity":"","overlay-gradient":""},"tablet":{"background-color":"var(--ast-global-color-5)","background-image":"","background-repeat":"repeat","background-position":"center center","background-size":"auto","background-attachment":"scroll","background-type":"","background-media":"","overlay-type":"","overlay-color":"","overlay-opacity":"","overlay-gradient":""},"mobile":{"background-color":"var(--ast-global-color-5)","background-image":"","background-repeat":"repeat","background-position":"center center","background-size":"auto","background-attachment":"scroll","background-type":"","background-media":"","overlay-type":"","overlay-color":"","overlay-opacity":"","overlay-gradient":""}}},"product_brand":[],"product_cat":[56],"product_tag":[],"class_list":{"0":"post-9969","1":"product","2":"type-product","3":"status-publish","4":"has-post-thumbnail","6":"product_cat-chozen","7":"desktop-align-center","8":"tablet-align-center","9":"mobile-align-center","11":"first","12":"instock","13":"taxable","14":"shipping-taxable","15":"purchasable","16":"product-type-simple"},"aioseo_notices":[],"_links":{"self":[{"href":"https:\/\/chozen.hr\/en\/wp-json\/wp\/v2\/product\/9969","targetHints":{"allow":["GET"]}}],"collection":[{"href":"https:\/\/chozen.hr\/en\/wp-json\/wp\/v2\/product"}],"about":[{"href":"https:\/\/chozen.hr\/en\/wp-json\/wp\/v2\/types\/product"}],"replies":[{"embeddable":true,"href":"https:\/\/chozen.hr\/en\/wp-json\/wp\/v2\/comments?post=9969"}],"version-history":[{"count":2,"href":"https:\/\/chozen.hr\/en\/wp-json\/wp\/v2\/product\/9969\/revisions"}],"predecessor-version":[{"id":10762,"href":"https:\/\/chozen.hr\/en\/wp-json\/wp\/v2\/product\/9969\/revisions\/10762"}],"wp:featuredmedia":[{"embeddable":true,"href":"https:\/\/chozen.hr\/en\/wp-json\/wp\/v2\/media\/11189"}],"wp:attachment":[{"href":"https:\/\/chozen.hr\/en\/wp-json\/wp\/v2\/media?parent=9969"}],"wp:term":[{"taxonomy":"product_brand","embeddable":true,"href":"https:\/\/chozen.hr\/en\/wp-json\/wp\/v2\/product_brand?post=9969"},{"taxonomy":"product_cat","embeddable":true,"href":"https:\/\/chozen.hr\/en\/wp-json\/wp\/v2\/product_cat?post=9969"},{"taxonomy":"product_tag","embeddable":true,"href":"https:\/\/chozen.hr\/en\/wp-json\/wp\/v2\/product_tag?post=9969"}],"curies":[{"name":"wp","href":"https:\/\/api.w.org\/{rel}","templated":true}]}}